{"id":2,"date":"2009-02-26T10:26:18","date_gmt":"2009-02-26T09:26:18","guid":{"rendered":"http:\/\/best-of-high-tech.com\/fr\/\/?page_id=2"},"modified":"2009-07-10T09:34:20","modified_gmt":"2009-07-10T08:34:20","slug":"a-propos","status":"publish","type":"page","link":"https:\/\/best-of-high-tech.com\/fr\/a-propos\/","title":{"rendered":"A PROPOS"},"content":{"rendered":"<p><strong><span style=\"font-size: 12pt; font-family: &quot;Times New Roman&quot;,&quot;serif&quot;;\">BEST OF HIGH TECH <\/span><\/strong><span style=\"font-size: 12pt; font-family: &quot;Times New Roman&quot;,&quot;serif&quot;;\"><span> <\/span>est un webzine d\u00e9di\u00e9 \u00e0 vous informer quotidiennement et de fa\u00e7on excessive de tout ce qui tourne autour du monde de la hi-tech et des logiciels.<\/span><\/p>\n<p class=\"MsoNormal\">Vous avez une question\u00a0? Une remarque\u00a0? N\u2019h\u00e9sitez pas \u00e0 nous contacter par mail ( <a href=\"mailto:admin.fr@best-of-high-tech.com\">admin@best-of-high-tech.com<\/a> )<\/p>\n<p class=\"MsoNormal\">Vous \u00eates un annonceur ou un sponsor et vous d\u00e9sirez figurer dans\u00a0 <strong><span style=\"font-size: 12pt; line-height: 115%; font-family: &quot;Times New Roman&quot;,&quot;serif&quot;;\">BEST OF HIGH TECH <\/span><\/strong><span style=\"font-size: 12pt; line-height: 115%; font-family: &quot;Times New Roman&quot;,&quot;serif&quot;;\"><span> <\/span><\/span>,\u00a0 vous pouvez nous contacter par mail\u00a0\u00a0\u00a0 ( <a href=\"mailto:admin.fr@best-of-high-tech.com\">admin@best-of-high-tech.com<\/a> )<\/p>\n<p class=\"MsoNormal\">On vous rappelle que le Watermark <span> <\/span><strong><span style=\"font-size: 12pt; line-height: 115%; font-family: &quot;Times New Roman&quot;,&quot;serif&quot;;\">BEST OF HIGH TECH <\/span><\/strong><span style=\"font-size: 12pt; line-height: 115%; font-family: &quot;Times New Roman&quot;,&quot;serif&quot;;\"><span> <\/span><\/span>sur les illustrations du site ne signifie pas un vol de la propri\u00e9t\u00e9 intellectuelle mais signifie juste que les images sont h\u00e9berg\u00e9es sur le serveur du Journal de <strong><span style=\"font-size: 12pt; line-height: 115%; font-family: &quot;Times New Roman&quot;,&quot;serif&quot;;\"><span> <\/span>BEST OF HIGH TECH <\/span><\/strong><span style=\"font-size: 12pt; line-height: 115%; font-family: &quot;Times New Roman&quot;,&quot;serif&quot;;\"><span> <\/span><\/span>Si vous ne voulez pas de Watermark ou si vous voulez retirez tout simplement une photo ou image vous appartenant, merci de nous envoyer tout simplement un mail.<\/p>\n","protected":false},"excerpt":{"rendered":"<p>BEST OF HIGH TECH est un webzine d\u00e9di\u00e9 \u00e0 vous informer quotidiennement et de fa\u00e7on excessive de tout ce qui tourne autour du monde de la hi-tech et des logiciels. Vous avez une question\u00a0? Une remarque\u00a0? N\u2019h\u00e9sitez pas \u00e0 nous contacter par mail ( admin@best-of-high-tech.com ) Vous \u00eates un annonceur ou un sponsor et vous [&hellip;]<\/p>\n","protected":false},"author":1,"featured_media":0,"parent":0,"menu_order":0,"comment_status":"open","ping_status":"open","template":"","meta":{"footnotes":""},"aioseo_notices":[],"_links":{"self":[{"href":"https:\/\/best-of-high-tech.com\/fr\/wp-json\/wp\/v2\/pages\/2"}],"collection":[{"href":"https:\/\/best-of-high-tech.com\/fr\/wp-json\/wp\/v2\/pages"}],"about":[{"href":"https:\/\/best-of-high-tech.com\/fr\/wp-json\/wp\/v2\/types\/page"}],"author":[{"embeddable":true,"href":"https:\/\/best-of-high-tech.com\/fr\/wp-json\/wp\/v2\/users\/1"}],"replies":[{"embeddable":true,"href":"https:\/\/best-of-high-tech.com\/fr\/wp-json\/wp\/v2\/comments?post=2"}],"version-history":[{"count":11,"href":"https:\/\/best-of-high-tech.com\/fr\/wp-json\/wp\/v2\/pages\/2\/revisions"}],"predecessor-version":[{"id":5,"href":"https:\/\/best-of-high-tech.com\/fr\/wp-json\/wp\/v2\/pages\/2\/revisions\/5"}],"wp:attachment":[{"href":"https:\/\/best-of-high-tech.com\/fr\/wp-json\/wp\/v2\/media?parent=2"}],"curies":[{"name":"wp","href":"https:\/\/api.w.org\/{rel}","templated":true}]}}